{"id":2162,"date":"2016-02-23T08:24:29","date_gmt":"2016-02-23T06:24:29","guid":{"rendered":"http:\/\/wordpress.templaza.net\/xml\/interiart\/?page_id=2162"},"modified":"2024-06-08T13:56:04","modified_gmt":"2024-06-08T10:56:04","slug":"about-us","status":"publish","type":"page","link":"https:\/\/gokayltd.com\/index.php\/about-us\/","title":{"rendered":"Hakkimizda"},"content":{"rendered":"<p>[vc_row][vc_column]<header class=\"tz-header  tz-header-type-12\">\r\n\r\n    \r\n    \r\n    \r\n    <div class=\"tz-headerBottom tz-max-mega-menu\">\r\n        \r\n                                                                                <a class=\"pull-left tz_logo\" href=\"https:\/\/gokayltd.com\"\r\n                           title=\"G\u00f6kay \u0130n\u015faat LTD \u015eT\u0130 | ANTALYA\" >\r\n                            <img decoding=\"async\" class=\"logo_lager\" src=\"https:\/\/gokayltd.com\/wp-content\/uploads\/2023\/09\/Goruntu-23.09.2023-12.31.jpeg\" alt=\"G\u00f6kay \u0130n\u015faat LTD \u015eT\u0130 | ANTALYA\" \/>                        <\/a>\r\n                                                                                                            <div class=\"tz-header-cart pull-right\">\r\n                            <span aria-hidden=\"true\" class=\"icon_cart_alt\"><\/span>\r\n                            <div class=\"widget woocommerce widget_shopping_cart\"><h2 class=\"widgettitle\">Cart<\/h2><div class=\"widget_shopping_cart_content\"><\/div><\/div>                        <\/div>\r\n                                        \r\n                                                                    <div class=\"tz-header-search pull-right\">\r\n                            <span aria-hidden='true' class='icon_search tz_icon_search'><\/span>\r\n                            <span aria-hidden='true' class='icon_close tz_icon_close'><\/span>\r\n                            <div class=\"tz-header-search-form\">\r\n                                    <form method=\"get\" class=\"searchform\" action=\"https:\/\/gokayltd.com\/\">\n        <label class=\"icon-search\">&nbsp;<\/label>\n        <label class=\"assistive-text assistive-tzsearch\">Search<\/label>\n        <input type=\"text\" class=\"field Tzsearchform inputbox search-query\" name=\"s\" placeholder=\"Search...\" \/>\n        <input type=\"submit\" class=\"submit searchsubmit\" name=\"submit\" value=\"Search\" \/>\n        <span aria-hidden='true' class='icon_search'><\/span>\n    <\/form>\n                            <\/div>\r\n                        <\/div>\r\n                                                            <button type=\"button\" class=\"navbar-toggle collapsed\" data-toggle=\"collapse\"\r\n                            data-target=\"#tz-navbar-collapse\">\r\n                        <i class=\"fa fa-bars\"><\/i>\r\n                    <\/button>\r\n\r\n                    <nav class=\"pull-right container \">\r\n\r\n                        <div id=\"mega-menu-wrap-primary\" class=\"mega-menu-wrap\"><div class=\"mega-menu-toggle\"><div class=\"mega-toggle-blocks-left\"><\/div><div class=\"mega-toggle-blocks-center\"><\/div><div class=\"mega-toggle-blocks-right\"><div class='mega-toggle-block mega-menu-toggle-animated-block mega-toggle-block-0' id='mega-toggle-block-0'><button aria-label=\"Toggle Menu\" class=\"mega-toggle-animated mega-toggle-animated-slider\" type=\"button\" aria-expanded=\"false\">\n                  <span class=\"mega-toggle-animated-box\">\n                    <span class=\"mega-toggle-animated-inner\"><\/span>\n                  <\/span>\n                <\/button><\/div><\/div><\/div><ul id=\"mega-menu-primary\" class=\"mega-menu max-mega-menu mega-menu-horizontal mega-no-js\" data-event=\"hover_intent\" data-effect=\"disabled\" data-effect-speed=\"200\" data-effect-mobile=\"disabled\" data-effect-speed-mobile=\"0\" data-mobile-force-width=\"false\" data-second-click=\"close\" data-document-click=\"collapse\" data-vertical-behaviour=\"standard\" data-breakpoint=\"992\" data-unbind=\"true\" data-mobile-state=\"collapse_all\" data-mobile-direction=\"vertical\" data-hover-intent-timeout=\"300\" data-hover-intent-interval=\"100\"><li class=\"mega-menu-item mega-menu-item-type-post_type mega-menu-item-object-page mega-menu-item-home mega-align-bottom-left mega-menu-flyout mega-menu-item-4826\" id=\"mega-menu-item-4826\"><a class=\"mega-menu-link\" href=\"https:\/\/gokayltd.com\/\" tabindex=\"0\">Anasayfa<\/a><\/li><li class=\"mega-menu-item mega-menu-item-type-post_type mega-menu-item-object-page mega-align-bottom-left mega-menu-flyout mega-menu-item-3820\" id=\"mega-menu-item-3820\"><a class=\"mega-menu-link\" href=\"https:\/\/gokayltd.com\/index.php\/about-us\/\" tabindex=\"0\">HAKKIMIZDA<\/a><\/li><li class=\"mega-menu-item mega-menu-item-type-post_type mega-menu-item-object-page mega-align-bottom-left mega-menu-flyout mega-menu-item-3824\" id=\"mega-menu-item-3824\"><a class=\"mega-menu-link\" href=\"https:\/\/gokayltd.com\/index.php\/projeler\/\" tabindex=\"0\">PROJELER\u0130M\u0130Z<\/a><\/li><li class=\"mega-menu-item mega-menu-item-type-post_type mega-menu-item-object-page mega-align-bottom-left mega-menu-flyout mega-menu-item-4701\" id=\"mega-menu-item-4701\"><a class=\"mega-menu-link\" href=\"https:\/\/gokayltd.com\/index.php\/services-v2\/\" tabindex=\"0\">KENTSEL D\u00d6N\u00dc\u015e\u00dcM<\/a><\/li><li class=\"mega-menu-item mega-menu-item-type-post_type mega-menu-item-object-page mega-align-bottom-left mega-menu-flyout mega-menu-item-3959\" id=\"mega-menu-item-3959\"><a class=\"mega-menu-link\" href=\"https:\/\/gokayltd.com\/index.php\/antalyatanitim\/\" tabindex=\"0\">ANTALYA<\/a><\/li><li class=\"mega-menu-item mega-menu-item-type-post_type mega-menu-item-object-page mega-align-bottom-left mega-menu-flyout mega-menu-item-3823\" id=\"mega-menu-item-3823\"><a class=\"mega-menu-link\" href=\"https:\/\/gokayltd.com\/index.php\/home-version-10\/satis\/\" tabindex=\"0\">SATI\u015e<\/a><\/li><li class=\"mega-menu-item mega-menu-item-type-post_type mega-menu-item-object-page mega-align-bottom-left mega-menu-flyout mega-menu-item-4555\" id=\"mega-menu-item-4555\"><a class=\"mega-menu-link\" href=\"https:\/\/gokayltd.com\/index.php\/contact-page\/\" tabindex=\"0\">\u0130LET\u0130\u015e\u0130M<\/a><\/li><\/ul><\/div>                    <\/nav>\r\n                    \r\n                                \r\n                            <div class=\"tzheader_wpml\">\r\n                                    <ul>\r\n                        <li>\r\n                            <a class=\"lang_sel_sel icl-en\" href=\"#\">\r\n                                Eng                            <\/a>\r\n                            <ul class=\"wpml_ls_sub_menu\">\r\n                                <li class=\"icl-vi\">\r\n                                    <a href=\"?lang=ger\">\r\n                                        <img loading=\"lazy\" decoding=\"async\" width=\"18\" height=\"12\" alt=\"ru\"\r\n                                             src=\"http:\/\/d2salfytceyqoe.cloudfront.net\/wp-content\/plugins\/wpml\/res\/flags\/gm.png\">\r\n                                        Germany                                    <\/a>\r\n                                <\/li>\r\n                                <li class=\"icl-vi\">\r\n                                    <a href=\"?lang=ger\">\r\n                                        <img loading=\"lazy\" decoding=\"async\" width=\"18\" height=\"12\" alt=\"ru\"\r\n                                             src=\"http:\/\/d2salfytceyqoe.cloudfront.net\/wp-content\/plugins\/wpml\/res\/flags\/vn.png\">\r\n                                        Viet Nam                                    <\/a>\r\n                                <\/li>\r\n                            <\/ul>\r\n                        <\/li>\r\n                    <\/ul>\r\n                                <\/div>\r\n        \r\n    <\/div>\r\n\r\n    \r\n\r\n<\/header>\r\n    <div class=\"tz-header   tz-header-type-12 scroll\">\r\n        <div class=\"tz-headerBottom tz-max-mega-menu\">\r\n            \r\n                                                                                                <a class=\"pull-left tz_logo\" href=\"https:\/\/gokayltd.com\"\r\n                               title=\"G\u00f6kay \u0130n\u015faat LTD \u015eT\u0130 | ANTALYA\" >\r\n                                <img decoding=\"async\" class=\"logo_lager\" src=\"https:\/\/gokayltd.com\/wp-content\/uploads\/2023\/09\/Goruntu-23.09.2023-12.31.jpeg\" alt=\"G\u00f6kay \u0130n\u015faat LTD \u015eT\u0130 | ANTALYA\" \/>                            <\/a>\r\n                                                                                                                                                            <div class=\"tz-header-cart pull-right\">\r\n                                <span aria-hidden=\"true\" class=\"icon_cart_alt\"><\/span>\r\n                                <div class=\"widget woocommerce widget_shopping_cart\"><h2 class=\"widgettitle\">Cart<\/h2><div class=\"widget_shopping_cart_content\"><\/div><\/div>                            <\/div>\r\n                                                                                                                                                        <div class=\"tz-header-search pull-right\">\r\n                                <span aria-hidden='true' class='icon_search tz_icon_search'><\/span>\r\n                                <span aria-hidden='true' class='icon_close tz_icon_close'><\/span>\r\n                                <div class=\"tz-header-search-form\">\r\n                                        <form method=\"get\" class=\"searchform\" action=\"https:\/\/gokayltd.com\/\">\n        <label class=\"icon-search\">&nbsp;<\/label>\n        <label class=\"assistive-text assistive-tzsearch\">Search<\/label>\n        <input type=\"text\" class=\"field Tzsearchform inputbox search-query\" name=\"s\" placeholder=\"Search...\" \/>\n        <input type=\"submit\" class=\"submit searchsubmit\" name=\"submit\" value=\"Search\" \/>\n        <span aria-hidden='true' class='icon_search'><\/span>\n    <\/form>\n                                <\/div>\r\n                            <\/div>\r\n                                                                        <button type=\"button\" class=\"navbar-toggle collapsed\" data-toggle=\"collapse\"\r\n                                data-target=\"#tz-navbar-collapse\">\r\n                            <i class=\"fa fa-bars\"><\/i>\r\n                        <\/button>\r\n\r\n                        <nav class=\"pull-right container \">\r\n                            <div id=\"mega-menu-wrap-primary\" class=\"mega-menu-wrap\"><div class=\"mega-menu-toggle\"><div class=\"mega-toggle-blocks-left\"><\/div><div class=\"mega-toggle-blocks-center\"><\/div><div class=\"mega-toggle-blocks-right\"><div class='mega-toggle-block mega-menu-toggle-animated-block mega-toggle-block-0' id='mega-toggle-block-0'><button aria-label=\"Toggle Menu\" class=\"mega-toggle-animated mega-toggle-animated-slider\" type=\"button\" aria-expanded=\"false\">\n                  <span class=\"mega-toggle-animated-box\">\n                    <span class=\"mega-toggle-animated-inner\"><\/span>\n                  <\/span>\n                <\/button><\/div><\/div><\/div><ul id=\"mega-menu-primary\" class=\"mega-menu max-mega-menu mega-menu-horizontal mega-no-js\" data-event=\"hover_intent\" data-effect=\"disabled\" data-effect-speed=\"200\" data-effect-mobile=\"disabled\" data-effect-speed-mobile=\"0\" data-mobile-force-width=\"false\" data-second-click=\"close\" data-document-click=\"collapse\" data-vertical-behaviour=\"standard\" data-breakpoint=\"992\" data-unbind=\"true\" data-mobile-state=\"collapse_all\" data-mobile-direction=\"vertical\" data-hover-intent-timeout=\"300\" data-hover-intent-interval=\"100\"><li class=\"mega-menu-item mega-menu-item-type-post_type mega-menu-item-object-page mega-menu-item-home mega-align-bottom-left mega-menu-flyout mega-menu-item-4826\" id=\"mega-menu-item-4826\"><a class=\"mega-menu-link\" href=\"https:\/\/gokayltd.com\/\" tabindex=\"0\">Anasayfa<\/a><\/li><li class=\"mega-menu-item mega-menu-item-type-post_type mega-menu-item-object-page mega-align-bottom-left mega-menu-flyout mega-menu-item-3820\" id=\"mega-menu-item-3820\"><a class=\"mega-menu-link\" href=\"https:\/\/gokayltd.com\/index.php\/about-us\/\" tabindex=\"0\">HAKKIMIZDA<\/a><\/li><li class=\"mega-menu-item mega-menu-item-type-post_type mega-menu-item-object-page mega-align-bottom-left mega-menu-flyout mega-menu-item-3824\" id=\"mega-menu-item-3824\"><a class=\"mega-menu-link\" href=\"https:\/\/gokayltd.com\/index.php\/projeler\/\" tabindex=\"0\">PROJELER\u0130M\u0130Z<\/a><\/li><li class=\"mega-menu-item mega-menu-item-type-post_type mega-menu-item-object-page mega-align-bottom-left mega-menu-flyout mega-menu-item-4701\" id=\"mega-menu-item-4701\"><a class=\"mega-menu-link\" href=\"https:\/\/gokayltd.com\/index.php\/services-v2\/\" tabindex=\"0\">KENTSEL D\u00d6N\u00dc\u015e\u00dcM<\/a><\/li><li class=\"mega-menu-item mega-menu-item-type-post_type mega-menu-item-object-page mega-align-bottom-left mega-menu-flyout mega-menu-item-3959\" id=\"mega-menu-item-3959\"><a class=\"mega-menu-link\" href=\"https:\/\/gokayltd.com\/index.php\/antalyatanitim\/\" tabindex=\"0\">ANTALYA<\/a><\/li><li class=\"mega-menu-item mega-menu-item-type-post_type mega-menu-item-object-page mega-align-bottom-left mega-menu-flyout mega-menu-item-3823\" id=\"mega-menu-item-3823\"><a class=\"mega-menu-link\" href=\"https:\/\/gokayltd.com\/index.php\/home-version-10\/satis\/\" tabindex=\"0\">SATI\u015e<\/a><\/li><li class=\"mega-menu-item mega-menu-item-type-post_type mega-menu-item-object-page mega-align-bottom-left mega-menu-flyout mega-menu-item-4555\" id=\"mega-menu-item-4555\"><a class=\"mega-menu-link\" href=\"https:\/\/gokayltd.com\/index.php\/contact-page\/\" tabindex=\"0\">\u0130LET\u0130\u015e\u0130M<\/a><\/li><\/ul><\/div>                        <\/nav>\r\n                        \r\n                                                                                <div class=\"tzheader_wpml\">\r\n                                            <ul>\r\n                            <li>\r\n                                <a class=\"lang_sel_sel icl-en\" href=\"#\">\r\n                                    Eng                                <\/a>\r\n                                <ul class=\"wpml_ls_sub_menu\">\r\n                                    <li class=\"icl-vi\">\r\n                                        <a href=\"?lang=ger\">\r\n                                            <img loading=\"lazy\" decoding=\"async\" width=\"18\" height=\"12\" alt=\"ru\"\r\n                                                 src=\"http:\/\/d2salfytceyqoe.cloudfront.net\/wp-content\/plugins\/wpml\/res\/flags\/gm.png\">\r\n                                            Germany                                        <\/a>\r\n                                    <\/li>\r\n                                    <li class=\"icl-vi\">\r\n                                        <a href=\"?lang=ger\">\r\n                                            <img loading=\"lazy\" decoding=\"async\" width=\"18\" height=\"12\" alt=\"ru\"\r\n                                                 src=\"http:\/\/d2salfytceyqoe.cloudfront.net\/wp-content\/plugins\/wpml\/res\/flags\/vn.png\">\r\n                                            Viet Nam                                        <\/a>\r\n                                    <\/li>\r\n                                <\/ul>\r\n                            <\/li>\r\n                        <\/ul>\r\n                                        <\/div>\r\n            \r\n        <\/div>\r\n    <\/div>\r\n    [\/vc_column][\/vc_row][vc_row parallax=&#8221;content-moving&#8221; tz_row_type=&#8221;grid&#8221; tz_pattern=&#8221;1&#8243; css=&#8221;.vc_custom_1541062400680{padding-top: 140px !important;padding-bottom: 510px !important;background-color: rgba(0,0,0,0.7) !important;*background-color: rgb(0,0,0) !important;}&#8221;][vc_column][vc_column_text]<\/p>\n<h3 style=\"margin-bottom: 22px;\"><span style=\"font-size: 30px;\"><span style=\"color: #ffffff;\"><strong>HAKKIMIZDA<\/strong><\/span><\/span><\/h3>\n<h3 style=\"margin-bottom: 22px;\"><span style=\"color: #ffffff;\">\u015eehrimize yak\u0131\u015f\u0131r elit yap\u0131lar sunar\u0131z.<\/span><\/h3>\n<p>[\/vc_column_text][\/vc_column][\/vc_row][vc_row tz_row_type=&#8221;grid&#8221; css=&#8221;.vc_custom_1456218554489{background-color: #fafafa !important;}&#8221;][vc_column css=&#8221;.vc_custom_1456282814482{margin-top: -446px !important;}&#8221; el_class=&#8221;tz-box-shadow&#8221;][vc_single_image image=&#8221;3862&#8243; img_size=&#8221;full&#8221; css=&#8221;.vc_custom_1541062380119{padding-top: 10px !important;padding-right: 10px !important;padding-bottom: 10px !important;padding-left: 10px !important;background-color: #ffffff !important;}&#8221;][vc_column_text css=&#8221;.vc_custom_1540977196046{padding-top: 30px !important;padding-right: 30px !important;padding-bottom: 12px !important;padding-left: 30px !important;background-color: #ffffff !important;}&#8221;]<\/p>\n<h3>G\u00f6kay \u0130n\u015faat LTD \u015eT\u0130<\/h3>\n<p>20 y\u0131l\u0131 a\u015fk\u0131n s\u00fcre ile Antalya\u2019da Dayan\u0131kl\u0131 T\u00fcketim Mallar\u0131, Beyaz E\u015fya, Elektronik \u00dcr\u00fcnler, Elektrikli Ev Aletleri, Ki\u015fisel Bak\u0131m \u00dcr\u00fcnleri yan\u0131nda \u0130n\u015faat ve M\u00fctehaitlik Hizmetleri veren firmam\u0131z 1997 y\u0131l\u0131nda Kurucumuz Sedat G\u00d6KAY taraf\u0131ndan kurulmu\u015ftur.<\/p>\n<p>\u00c7al\u0131\u015ft\u0131\u011f\u0131 sekt\u00f6rlerde en ba\u015far\u0131l\u0131 \u00fcr\u00fcnleri sunan ve pazar lideri konumunda olan PHILIPS ve SIEMENS gibi markalarla \u00e7al\u0131\u015fm\u0131\u015ft\u0131r. Firmam\u0131z dinamik yap\u0131s\u0131yla hem g\u00f6rsel olarak hem de \u00e7evre dostu olan benzersiz \u00fcr\u00fcnler sunma s\u00f6z\u00fc ile yoluna devam etmektedir.<\/p>\n<p>Y\u0131llar\u0131n verdi\u011fi tecr\u00fcbemiz ve kendini s\u00fcrekli yenileyen dinamik yap\u0131m\u0131z ile yapt\u0131\u011f\u0131m\u0131z projelerin hem bizi hem m\u00fc\u015fterilerimizi memnun etmesini sa\u011flamaktay\u0131z.<\/p>\n<p>Yat\u0131r\u0131mlar\u0131m\u0131z\u0131 herkesin kazan\u00e7l\u0131 \u00e7\u0131kmas\u0131 y\u00f6n\u00fcnde yapar. M\u00fc\u015fterilerimizin tekrar tekrar bizi tercih etmesini sa\u011flar\u0131z.[\/vc_column_text][vc_empty_space][\/vc_column][\/vc_row][vc_row tz_row_type=&#8221;grid&#8221; css=&#8221;.vc_custom_1456282231531{padding-top: 50px !important;background-color: #fafafa !important;}&#8221;][vc_column width=&#8221;1\/5&#8243; css=&#8221;.vc_custom_1456281641491{padding-bottom: 33px !important;}&#8221;][\/vc_column][vc_column width=&#8221;1\/5&#8243; css=&#8221;.vc_custom_1456281649485{padding-bottom: 33px !important;}&#8221;]    <div class=\"tzElement_Member\" >\r\n        <div class=\"tzMember_Wrap\">\r\n            <div class=\"tzMember_image\" style=\"border-radius: \">\r\n                <img loading=\"lazy\" decoding=\"async\" src=\"https:\/\/gokayltd.com\/wp-content\/uploads\/2016\/02\/image-member.png\"\r\n                     width=\"284\"\r\n                     height=\"390\"\r\n                     alt=\"Sedat G\u00d6KAY\"\r\n\r\n                >\r\n            <\/div>\r\n            <div class=\"tzMember_Info\">\r\n                <div class=\"tzMember_Info_Box\">\r\n                    <h3 class=\"tzMember_name\">Sedat G\u00d6KAY<\/h3>\r\n                    <span class=\"tzMember_position\">Kurucu Ortak<\/span>\r\n                <\/div>\r\n            <\/div>\r\n        <\/div>\r\n    <\/div>\r\n    [\/vc_column][vc_column width=&#8221;1\/5&#8243; css=&#8221;.vc_custom_1456281657523{padding-bottom: 33px !important;}&#8221;][\/vc_column][vc_column width=&#8221;1\/5&#8243;]    <div class=\"tzElement_Member\" >\r\n        <div class=\"tzMember_Wrap\">\r\n            <div class=\"tzMember_image\" style=\"border-radius: \">\r\n                <img loading=\"lazy\" decoding=\"async\" src=\"https:\/\/gokayltd.com\/wp-content\/uploads\/2016\/02\/image-member.png\"\r\n                     width=\"284\"\r\n                     height=\"390\"\r\n                     alt=\"G\u00f6khan G\u00d6KAY\"\r\n\r\n                >\r\n            <\/div>\r\n            <div class=\"tzMember_Info\">\r\n                <div class=\"tzMember_Info_Box\">\r\n                    <h3 class=\"tzMember_name\">G\u00f6khan G\u00d6KAY<\/h3>\r\n                    <span class=\"tzMember_position\">\u015eirket Orta\u011f\u0131<\/span>\r\n                <\/div>\r\n            <\/div>\r\n        <\/div>\r\n    <\/div>\r\n    [\/vc_column][\/vc_row][vc_row][vc_column][our_process title=&#8221;TAR\u0130H\u00c7E&#8221; description=&#8221;\u015eirketimiz k\u00f6kl\u00fc yap\u0131s\u0131, bilgi ve birikimiyle yoluna devam etmektedir.&#8221;][our_process_item font_icon=&#8221;awesome&#8221; year=&#8221;1997&#8243; name=&#8221;Kurulu\u015f&#8221;][our_process_item font_icon=&#8221;awesome&#8221; year=&#8221;1997&#8243; name=&#8221;MERKEZ PHILIPS BAY\u0130\u0130&#8221;][our_process_item font_icon=&#8221;awesome&#8221; year=&#8221;1999&#8243; name=&#8221;MERKEZ SIEMENS BAY\u0130\u0130&#8221;][our_process_item font_icon=&#8221;awesome&#8221; year=&#8221;2005&#8243; name=&#8221;Kipa PHILIPS SHOP&#8221;][our_process_item font_icon=&#8221;awesome&#8221; year=&#8221;2007&#8243; name=&#8221;Deepo PHILIPS SHOP&#8221;][our_process_item font_icon=&#8221;awesome&#8221; year=&#8221;2008&#8243; name=&#8221;Laura PHILIPS SHOP&#8221;][our_process_item font_icon=&#8221;awesome&#8221; year=&#8221;2009&#8243; name=&#8221;\u00d6zdilek PHILIPS SHOP&#8221;][our_process_item font_icon=&#8221;awesome&#8221; year=&#8221;2011&#8243; name=&#8221;GKY 1 Projesi ile \u0130n\u015faat Sekt\u00f6r\u00fcne Giri\u015f&#8221;][\/our_process][\/vc_column][\/vc_row]<\/p>\n","protected":false},"excerpt":{"rendered":"<p>[vc_row][vc_column][\/vc_column][\/vc_row][vc_row parallax=&#8221;content-moving&#8221; tz_row_type=&#8221;grid&#8221; tz_pattern=&#8221;1&#8243; css=&#8221;.vc_custom_1541062400680{padding-top: 140px !important;padding-bottom: 510px !important;background-color: rgba(0,0,0,0.7) !important;*background-color: rgb(0,0,0) !important;}&#8221;][vc_column][vc_column_text] HAKKIMIZDA \u015eehrimize yak\u0131\u015f\u0131r elit yap\u0131lar sunar\u0131z. [\/vc_column_text][\/vc_column][\/vc_row][vc_row <a class=\"tzreadmore simple-ajax-popup-align-top\" href=\"https:\/\/gokayltd.com\/index.php\/about-us\/\">Read More<\/a><\/p>\n","protected":false},"author":1,"featured_media":0,"parent":0,"menu_order":0,"comment_status":"closed","ping_status":"closed","template":"template-homepage.php","meta":{"footnotes":""},"class_list":["post-2162","page","type-page","status-publish","hentry"],"_links":{"self":[{"href":"https:\/\/gokayltd.com\/index.php\/wp-json\/wp\/v2\/pages\/2162","targetHints":{"allow":["GET"]}}],"collection":[{"href":"https:\/\/gokayltd.com\/index.php\/wp-json\/wp\/v2\/pages"}],"about":[{"href":"https:\/\/gokayltd.com\/index.php\/wp-json\/wp\/v2\/types\/page"}],"author":[{"embeddable":true,"href":"https:\/\/gokayltd.com\/index.php\/wp-json\/wp\/v2\/users\/1"}],"replies":[{"embeddable":true,"href":"https:\/\/gokayltd.com\/index.php\/wp-json\/wp\/v2\/comments?post=2162"}],"version-history":[{"count":6,"href":"https:\/\/gokayltd.com\/index.php\/wp-json\/wp\/v2\/pages\/2162\/revisions"}],"predecessor-version":[{"id":4800,"href":"https:\/\/gokayltd.com\/index.php\/wp-json\/wp\/v2\/pages\/2162\/revisions\/4800"}],"wp:attachment":[{"href":"https:\/\/gokayltd.com\/index.php\/wp-json\/wp\/v2\/media?parent=2162"}],"curies":[{"name":"wp","href":"https:\/\/api.w.org\/{rel}","templated":true}]}}