{"id":4554,"date":"2016-02-05T12:24:23","date_gmt":"2016-02-05T10:24:23","guid":{"rendered":"http:\/\/wordpress.templaza.net\/interiart\/?page_id=2050"},"modified":"2024-06-08T13:55:31","modified_gmt":"2024-06-08T10:55:31","slug":"contact-page","status":"publish","type":"page","link":"https:\/\/gokayltd.com\/index.php\/contact-page\/","title":{"rendered":"\u0130LET\u0130\u015e\u0130M"},"content":{"rendered":"<p>[vc_row full_height=&#8221;yes&#8221; columns_placement=&#8221;top&#8221; el_class=&#8221;contact-page&#8221;][vc_column width=&#8221;1\/2&#8243; css=&#8221;.vc_custom_1454676817600{padding-right: 30px !important;}&#8221;][vc_gmaps link=&#8221;#E-8_JTNDaWZyYW1lJTIwc3JjJTNEJTIyaHR0cHMlM0ElMkYlMkZ3d3cuZ29vZ2xlLmNvbSUyRm1hcHMlMkZlbWJlZCUzRnBiJTNEJTIxMW0xNCUyMTFtOCUyMTFtMyUyMTFkMTI3NjMuNTQxNDg3NDAzOTU4JTIxMmQzMC42ODYzMzU2JTIxM2QzNi44OTMwOTA0JTIxM20yJTIxMWkxMDI0JTIxMmk3NjglMjE0ZjEzLjElMjEzbTMlMjExbTIlMjExczB4MCUyNTNBMHhhMTRiZDAzNDUxZDQ2MmVkJTIxMnpSOE8yYTJGNUlNU3dic1dmWVdGMElFeFVSQ0RGbmxURXNBJTIxNWUwJTIxM20yJTIxMXN0ciUyMTJzdHIlMjE0djE2MjAzMzQ0MjQxNjQlMjE1bTIlMjExc3RyJTIxMnN0ciUyMiUyMHdpZHRoJTNEJTIyNjAwJTIyJTIwaGVpZ2h0JTNEJTIyNDUwJTIyJTIwc3R5bGUlM0QlMjJib3JkZXIlM0EwJTNCJTIyJTIwYWxsb3dmdWxsc2NyZWVuJTNEJTIyJTIyJTIwbG9hZGluZyUzRCUyMmxhenklMjIlM0UlM0MlMkZpZnJhbWUlM0U=&#8221; size=&#8221;734&#8243;][\/vc_column][vc_column width=&#8221;1\/2&#8243; css=&#8221;.vc_custom_1454676891517{padding-left: 30px !important;}&#8221;][vc_column_text css=&#8221;.vc_custom_1620763922353{padding-bottom: 30px !important;}&#8221;]<\/p>\n<h4>\u0130LET\u0130\u015e\u0130M B\u0130LG\u0130LER\u0130<\/h4>\n<p><strong>Adres<\/strong>: Y\u0131ld\u0131z Mah. Y\u0131ld\u0131z Cad. Bilgin Ap. 18\/A Muratpa\u015fa ANTALYA<br \/>\n<strong>Email<\/strong>: info@gokayltd.com<br \/>\n<strong>Tel<\/strong>: +90 0535 622 50 60<br \/>\n<strong>Tel<\/strong>: +90 242 344 09 30<\/p>\n<h4><\/h4>\n<h4>B\u0130Z\u0130MLE \u0130LE\u015e\u0130ME GE\u00c7\u0130N!<\/h4>\n<p>Yepyeni dairenizi sat\u0131n almak veya kentsel d\u00f6n\u00fc\u015f\u00fcm kapsam\u0131nda binan\u0131z\u0131 yenilemek i\u00e7in bizimle do\u011frudan ileti\u015fime ge\u00e7ebilirsiniz.[\/vc_column_text]\n<div class=\"wpcf7 no-js\" id=\"wpcf7-f4646-o1\" lang=\"tr-TR\" dir=\"ltr\">\n<div class=\"screen-reader-response\"><p role=\"status\" aria-live=\"polite\" aria-atomic=\"true\"><\/p> <ul><\/ul><\/div>\n<form action=\"\/index.php\/wp-json\/wp\/v2\/pages\/4554#wpcf7-f4646-o1\" method=\"post\" class=\"wpcf7-form init\" aria-label=\"Contact form\" novalidate=\"novalidate\" data-status=\"init\">\n<div style=\"display: none;\">\n<input type=\"hidden\" name=\"_wpcf7\" value=\"4646\" \/>\n<input type=\"hidden\" name=\"_wpcf7_version\" value=\"5.8\" \/>\n<input type=\"hidden\" name=\"_wpcf7_locale\" value=\"tr_TR\" \/>\n<input type=\"hidden\" name=\"_wpcf7_unit_tag\" value=\"wpcf7-f4646-o1\" \/>\n<input type=\"hidden\" name=\"_wpcf7_container_post\" value=\"0\" \/>\n<input type=\"hidden\" name=\"_wpcf7_posted_data_hash\" value=\"\" \/>\n<\/div>\n<p><label> Ad\u0131n\u0131z<br \/>\n<span class=\"wpcf7-form-control-wrap\" data-name=\"your-name\"><input size=\"40\" class=\"wpcf7-form-control wpcf7-text wpcf7-validates-as-required\" aria-required=\"true\" aria-invalid=\"false\" value=\"\" type=\"text\" name=\"your-name\" \/><\/span> <\/label>\n<\/p>\n<p><label> E-posta adresiniz<br \/>\n<span class=\"wpcf7-form-control-wrap\" data-name=\"your-email\"><input size=\"40\" class=\"wpcf7-form-control wpcf7-email wpcf7-validates-as-required wpcf7-text wpcf7-validates-as-email\" aria-required=\"true\" aria-invalid=\"false\" value=\"\" type=\"email\" name=\"your-email\" \/><\/span> <\/label>\n<\/p>\n<p><label> Konu<br \/>\n<span class=\"wpcf7-form-control-wrap\" data-name=\"your-subject\"><input size=\"40\" class=\"wpcf7-form-control wpcf7-text wpcf7-validates-as-required\" aria-required=\"true\" aria-invalid=\"false\" value=\"\" type=\"text\" name=\"your-subject\" \/><\/span> <\/label>\n<\/p>\n<p><label> \u0130letiniz (tercihe ba\u011fl\u0131)<br \/>\n<span class=\"wpcf7-form-control-wrap\" data-name=\"your-message\"><textarea cols=\"40\" rows=\"10\" class=\"wpcf7-form-control wpcf7-textarea\" aria-invalid=\"false\" name=\"your-message\"><\/textarea><\/span> <\/label>\n<\/p>\n<p><input class=\"wpcf7-form-control wpcf7-submit has-spinner\" type=\"submit\" value=\"G\u00f6nder\" \/>\n<\/p><div class=\"wpcf7-response-output\" aria-hidden=\"true\"><\/div>\n<\/form>\n<\/div>\n[\/vc_column][\/vc_row]<\/p>\n","protected":false},"excerpt":{"rendered":"<p>[vc_row full_height=&#8221;yes&#8221; columns_placement=&#8221;top&#8221; el_class=&#8221;contact-page&#8221;][vc_column width=&#8221;1\/2&#8243; css=&#8221;.vc_custom_1454676817600{padding-right: 30px !important;}&#8221;][vc_gmaps link=&#8221;#E-8_JTNDaWZyYW1lJTIwc3JjJTNEJTIyaHR0cHMlM0ElMkYlMkZ3d3cuZ29vZ2xlLmNvbSUyRm1hcHMlMkZlbWJlZCUzRnBiJTNEJTIxMW0xNCUyMTFtOCUyMTFtMyUyMTFkMTI3NjMuNTQxNDg3NDAzOTU4JTIxMmQzMC42ODYzMzU2JTIxM2QzNi44OTMwOTA0JTIxM20yJTIxMWkxMDI0JTIxMmk3NjglMjE0ZjEzLjElMjEzbTMlMjExbTIlMjExczB4MCUyNTNBMHhhMTRiZDAzNDUxZDQ2MmVkJTIxMnpSOE8yYTJGNUlNU3dic1dmWVdGMElFeFVSQ0RGbmxURXNBJTIxNWUwJTIxM20yJTIxMXN0ciUyMTJzdHIlMjE0djE2MjAzMzQ0MjQxNjQlMjE1bTIlMjExc3RyJTIxMnN0ciUyMiUyMHdpZHRoJTNEJTIyNjAwJTIyJTIwaGVpZ2h0JTNEJTIyNDUwJTIyJTIwc3R5bGUlM0QlMjJib3JkZXIlM0EwJTNCJTIyJTIwYWxsb3dmdWxsc2NyZWVuJTNEJTIyJTIyJTIwbG9hZGluZyUzRCUyMmxhenklMjIlM0UlM0MlMkZpZnJhbWUlM0U=&#8221; size=&#8221;734&#8243;][\/vc_column][vc_column width=&#8221;1\/2&#8243; css=&#8221;.vc_custom_1454676891517{padding-left: 30px !important;}&#8221;][vc_column_text css=&#8221;.vc_custom_1620763922353{padding-bottom: 30px !important;}&#8221;] \u0130LET\u0130\u015e\u0130M B\u0130LG\u0130LER\u0130 Adres: <a class=\"tzreadmore simple-ajax-popup-align-top\" href=\"https:\/\/gokayltd.com\/index.php\/contact-page\/\">Read More<\/a><\/p>\n","protected":false},"author":1,"featured_media":0,"parent":0,"menu_order":0,"comment_status":"closed","ping_status":"closed","template":"","meta":{"footnotes":""},"class_list":["post-4554","page","type-page","status-publish","hentry"],"_links":{"self":[{"href":"https:\/\/gokayltd.com\/index.php\/wp-json\/wp\/v2\/pages\/4554","targetHints":{"allow":["GET"]}}],"collection":[{"href":"https:\/\/gokayltd.com\/index.php\/wp-json\/wp\/v2\/pages"}],"about":[{"href":"https:\/\/gokayltd.com\/index.php\/wp-json\/wp\/v2\/types\/page"}],"author":[{"embeddable":true,"href":"https:\/\/gokayltd.com\/index.php\/wp-json\/wp\/v2\/users\/1"}],"replies":[{"embeddable":true,"href":"https:\/\/gokayltd.com\/index.php\/wp-json\/wp\/v2\/comments?post=4554"}],"version-history":[{"count":4,"href":"https:\/\/gokayltd.com\/index.php\/wp-json\/wp\/v2\/pages\/4554\/revisions"}],"predecessor-version":[{"id":4790,"href":"https:\/\/gokayltd.com\/index.php\/wp-json\/wp\/v2\/pages\/4554\/revisions\/4790"}],"wp:attachment":[{"href":"https:\/\/gokayltd.com\/index.php\/wp-json\/wp\/v2\/media?parent=4554"}],"curies":[{"name":"wp","href":"https:\/\/api.w.org\/{rel}","templated":true}]}}