

{"id":4804,"date":"2023-09-24T14:36:46","date_gmt":"2023-09-24T11:36:46","guid":{"rendered":"https:\/\/gokayltd.com\/?post_type=product&#038;p=4804"},"modified":"2023-09-24T14:37:09","modified_gmt":"2023-09-24T11:37:09","slug":"deneme-21-kopya","status":"publish","type":"product","link":"https:\/\/gokayltd.com\/index.php\/urun\/deneme-21-kopya\/","title":{"rendered":"deneme 2+1 (Kopya)"},"content":{"rendered":"<p>deneme<\/p>\n<p>&nbsp;<\/p>\n\n    <style type=\"text\/css\">\n        body #plusgallery7 a:hover, body  #pgzoomview.plusgallery7 a:hover,\n        body #plusgallery7 .pgalbumlink:hover .pgplus,\n        #plusgallery7 #pgthumbcrumbs li#pgthumbhome:hover{\n            background-color:#38BEEA        }\n        body #plusgallery7 .pgthumb, body #plusgallery7 .pgalbumthumb{\n            width:16.666666666667%;\n            margin:0;\n            padding:15px;\n            max-width:none;\n            height:auto;\n        }\n         \n    <\/style>\n\n    \n    \n    \n        <div id=\"plusgallery7\" class=\"plusgallery nav_show\"\n         data-userid=\"gokayinsaatantalya\"\n                      data-album-id=\"276422326138790\"\n             data-limit=\"0\"\n                                      data-access-token=\"2104862129786203|uVtZbLxheRpaUWYvA3qUrnLZmi0\"\n             data-type=\"facebook\">\n    <\/div>\n    <script type=\"text\/javascript\">\n        jQuery(document).ready(function(){\n            jQuery('#plusgallery7').plusGallery();\n\n        })\n        jQuery(window).bind('load resize', function() {\n            var window_width = jQuery(window).width();\n            if (window_width>1200){\n                var cols = 6;\n            }\n            if ((992 < window_width) && (window_width<= 1200) ){\n                var cols = 2;\n            }\n            if ((480 <= window_width) && (window_width<= 992) ){\n                var cols = 2;\n            }\n            if (window_width < 480){\n                var cols = 1;\n            }\n            var item_width = 100\/cols;\n            jQuery('.pgthumb').css({\n                width:item_width+'%'\n            })\n        })\n    <\/script>\n \t  \n","protected":false},"excerpt":{"rendered":"<p>k\u0131sa a\u00e7\u0131klama<\/p>\n","protected":false},"featured_media":4742,"comment_status":"open","ping_status":"closed","template":"","meta":[],"product_cat":[108],"product_tag":[109],"class_list":["post-4804","product","type-product","status-publish","has-post-thumbnail","hentry","product_cat-gokay-twins","product_tag-109"],"_links":{"self":[{"href":"https:\/\/gokayltd.com\/index.php\/wp-json\/wp\/v2\/product\/4804","targetHints":{"allow":["GET"]}}],"collection":[{"href":"https:\/\/gokayltd.com\/index.php\/wp-json\/wp\/v2\/product"}],"about":[{"href":"https:\/\/gokayltd.com\/index.php\/wp-json\/wp\/v2\/types\/product"}],"replies":[{"embeddable":true,"href":"https:\/\/gokayltd.com\/index.php\/wp-json\/wp\/v2\/comments?post=4804"}],"wp:featuredmedia":[{"embeddable":true,"href":"https:\/\/gokayltd.com\/index.php\/wp-json\/wp\/v2\/media\/4742"}],"wp:attachment":[{"href":"https:\/\/gokayltd.com\/index.php\/wp-json\/wp\/v2\/media?parent=4804"}],"wp:term":[{"taxonomy":"product_cat","embeddable":true,"href":"https:\/\/gokayltd.com\/index.php\/wp-json\/wp\/v2\/product_cat?post=4804"},{"taxonomy":"product_tag","embeddable":true,"href":"https:\/\/gokayltd.com\/index.php\/wp-json\/wp\/v2\/product_tag?post=4804"}],"curies":[{"name":"wp","href":"https:\/\/api.w.org\/{rel}","templated":true}]}}